{"id":37,"date":"2018-08-07T12:17:21","date_gmt":"2018-08-07T10:17:21","guid":{"rendered":"http:\/\/meer-menschlichkeit.stadt-media.de\/?page_id=37"},"modified":"2018-08-07T12:17:21","modified_gmt":"2018-08-07T10:17:21","slug":"datenschutz-dsgvo","status":"publish","type":"page","link":"https:\/\/meer-menschlichkeit.stadt-media.de\/?page_id=37","title":{"rendered":"Datenschutz (DSGVO)"},"content":{"rendered":"<header class=\"entry-header\">\n<h1 class=\"entry-title\"><\/h1>\n<\/header>\n<div class=\"entry-content\">\n<h1 class=\"western\">Datenschutzerkl\u00e4rung<\/h1>\n<h2 class=\"western\">Verantwortliche Stelle<\/h2>\n<p>Verantwortliche Stelle f\u00fcr die Erhebung, Verarbeitung und Nutzung Ihrer personenbezogenen Daten im Sinne des Bundesdatenschutzgesetzes (BDSG) ist<\/p>\n<p align=\"center\"><b>Initiative &#8218;Meer Menschlichkeit&#8216;<br \/>\n<\/b><\/p>\n<p align=\"center\">c\/o Alexander Westermann<br \/>\nIm Gartenhof 7<br \/>\n26316 Varel<\/p>\n<p align=\"center\">\n<p>Sofern Sie der Erhebung, Verarbeitung oder Nutzung Ihrer Daten durch die <b>Initiative &#8218;Meer Menschlichkeit&#8216; <\/b>gem\u00e4\u00df den datenschutzrechtlichen Bestimmungen insgesamt oder f\u00fcr einzelne Ma\u00dfnahmen widersprechen m\u00f6chten, richten Sie Ihren Widerspruch per Brief an folgende Kontaktdaten:<\/p>\n<p align=\"center\"><strong>Alexander Westermann, Im Gartenhof 7, 26316 Varel<\/strong><\/p>\n<p>Wir legen gr\u00f6\u00dften Wert auf den Schutz Ihrer Daten und die Wahrung Ihrer Privatsph\u00e4re. Nachstehend informieren wir Sie deshalb \u00fcber die Erhebung und Verwendung pers\u00f6nlicher Daten bei Nutzung unserer Webseite.<\/p>\n<ul>\n<li><\/li>\n<\/ul>\n<h2 class=\"western\">Erheben, Speichern und Verwenden personenbezogener Daten<\/h2>\n<p>Bei dem Besuch unserer Website erheben, verwenden und speichern wir Ihre personenbezogenen Daten. Personenbezogene Daten sind nach \u00a7 3 Abs. 1 BDSG Einzelangaben \u00fcber pers\u00f6nliche oder sachliche Verh\u00e4ltnisse einer bestimmten oder bestimmbaren nat\u00fcrlichen Person (Betroffener).<\/p>\n<ul>\n<li><\/li>\n<\/ul>\n<h2 class=\"western\">Datenerhebung unter strenger Beachtung der Gesetze<\/h2>\n<p>Bei der Erhebung, dem Verwenden und Speichern von personenbezogenen Daten beachten wir die Vorschriften des Bundesdatenschutzgesetzes, des Telemediengesetzes und ggf. weiterer anwendbarer Datenschutzbestimmungen. Alle Kundendaten werden unter Beachtung der einschl\u00e4gigen Vorschriften des Bundesdatenschutzgesetzes (BDSG) und des Telemediengesetzes (TMG) von uns gespeichert und verarbeitet.<\/p>\n<ul>\n<li><a name=\"field_3_7\"><\/a><\/li>\n<\/ul>\n<h2 class=\"western\">Cookies<\/h2>\n<p>Unsere Internetseite verwendet an mehreren Stellen so genannte Cookies. \u201eCookies\u201c sind kleine Textdateien, die auf Ihrem Rechner abgelegt werden und die Ihr Browser speichert. Sie dienen dazu, unser Angebot nutzerfreundlicher, effektiver und sicherer zu machen. Des Weiteren erm\u00f6glichen Cookies unseren Systemen, Ihren Browser zu erkennen und Ihnen Services anzubieten. Cookies enthalten keine personenbezogenen Daten. Sie haben die M\u00f6glichkeit, das Abspeichern von Cookies auf Ihrem Rechner durch entsprechende Einstellungen in Ihrem Browser zu verhindern. Hierdurch k\u00f6nnte allerdings der Funktionsumfang unseres Angebotes eingeschr\u00e4nkt werden.<\/p>\n<ul>\n<li><a name=\"field_3_14\"><\/a><\/li>\n<\/ul>\n<h2 class=\"western\">Verwendung von Social Plugin<\/h2>\n<p>Diese Website benutzt Social Media Plugins folgender Services:<\/p>\n<p align=\"left\">\u2013 \u201eFacebook-I-Like\u201c bzw. \u201eFacebook-Gef\u00e4llt-mir\u201c, betrieben von: Facebook Inc., 1601 S. California Ave, Palo Alto, CA 94304, United States<br \/>\n\u2013 \u201eTwitter\u201d: betrieben von: Twitter, Inc., 795 Folsom St., Suite 600, San Francisco, CA 94107, United States<\/p>\n<p align=\"left\">\u2013 \u201cShariff Wrapper\u201d von Jan-Peter Lambeck (<a href=\"https:\/\/www.jplambeck.de\/\" target=\"_blank\" rel=\"noopener\">https:\/\/www.jplambeck.de<\/a>) and 3UU (<a href=\"https:\/\/datenverwurstungszentrale.com\/\" target=\"_blank\" rel=\"noopener\">https:\/\/datenverwurstungszentrale.com<\/a>) f\u00fcr heise und c\u2019t<\/p>\n<p>Bei diesen Social Medial Plugins handelt es sich um von den vorgenannten Social-Media-Services entwickelte und zur Verf\u00fcgung gestellte Software, die den automatisierten Datenaustausch zwischen der Website und den Social-Media-Services erm\u00f6glicht. So k\u00f6nnen unter anderem Daten von einem der vorgenannten Social-Media-Services dynamisch auf die Website \u00fcbertragen werden. Gleichzeitig k\u00f6nnen auch Daten der Nutzer dieser Website zum Social-Media-Service \u00fcbertragen werden, u.a. die IP-Adresse. Die Verwendung solcher Social Plugins erkennen Sie an den besonders gekennzeichneten Schaltfl\u00e4chen. Bereits beim Anzeigen bzw. Laden der Website k\u00f6nnen personenbezogene Daten mit dem jeweiligen Social-Media-Service ausgetauscht werden. Nutzer haben in diesen F\u00e4llen die M\u00f6glichkeit, diesen Datenaustausch ggf. durch \u00c4nderung in den Einstellungen ihres Benutzerkontos auf der Website des jeweiligen Social-Media-Services abzulehnen.<br \/>\nDie Verwendung des Facebook-Plugins auf der Website erkennen Sie durch das Facebook-Symbol (wei\u00dfes F auf blauer Kachel bzw. \u201eDaumen-hoch-Symbol\u201c) auf einer entsprechenden Schaltfl\u00e4che. Die Verwendung des Twitter-Plugins auf der Website erkennen Sie durch eine Anzeige der Twitter-Logos (wei\u00dfes \u201et\u201c auf blauem Grund bzw. blauer Vogel) auf der entsprechenden Schaltfl\u00e4che. Durch den Klick auf eine dieser Schaltfl\u00e4chen stimmen Sie der Nutzung dieses Plugins und damit auch der Weitergabe von personenbezogenen Daten an den jeweiligen Social-Media-Service zu. Auf die Art und den Umfang der dabei \u00fcbertragenen Daten sowie \u00fcber deren weitere Verarbeitung haben wir keinen Einfluss. Nach unserem aktuellen Kenntnisstand wird der jeweilige Social-Media-Service dabei \u00fcber ihre IP-Adresse und \u00fcber die das Plugin nutzende Website informiert. Sofern Sie gleichzeitig auf der entsprechenden Social-Media-Service-Plattform eingeloggt sind, k\u00f6nnen die Informationen unmittelbar Ihrem Nutzerprofil zugeordnet werden. M\u00f6chten Sie eine solche Sammlung von Profilinformationen vermeiden, sollten Sie sich aus der jeweiligen Social-Media-Service-Plattform ausloggen.<br \/>\nWeitere Informationen von Facebook zum Umgang mit dem entsprechenden Plugin und dem entsprechenden Social-Media-Service erhalten Sie auf:http:\/\/developers.facebook.com\/plugins. Weitere Informationen von Facebook \u00fcber die sog. Datenverwendungsrichtlinien erhalten Sie auf: <a href=\"http:\/\/www.facebook.com\/about\/privacy\" target=\"_blank\" rel=\"noopener\">http:\/\/www.facebook.com\/about\/privacy<\/a>.<br \/>\nWeitere Informationen von Twitter zum Umgang mit diesem Plugin und dem entsprechenden Social-Media-Service erhalten Sie auf https:\/\/twitter.com\/logo. Weitere Informationen von Twitter \u00fcber ihre Datenschutzrichtlinie erhalten Sie auf: <a href=\"https:\/\/twitter.com\/privacy\" target=\"_blank\" rel=\"noopener\">https:\/\/twitter.com\/privacy<\/a>.<\/p>\n<ul>\n<li><\/li>\n<\/ul>\n<h2>Eingebundene YouTube-Videos<\/h2>\n<p>Die Webseite <strong>meer-menschlichkeit.stadt-media.de<\/strong>\u00a0 bindet YouTube-Videos ein. Die eingebundenen Clips legen bei dem Aufrufen der Seite Cookies auf den Computern der User ab. Wer das Setzen von Cookies f\u00fcr das Google-Werbeprogramm deaktiviert hat, wird auch beim Aufrufen von YouTube-Clips mit keinen solchen Cookies rechnen m\u00fcssen.YouTube legt aber auch in anderen Cookies nicht-personenbezogene Nutzungsinformationen ab. M\u00f6chten Sie dies verhindern, m\u00fcssen Sie das im Browser blockieren.<\/p>\n<ul>\n<li><\/li>\n<\/ul>\n<h2 class=\"western\"><strong>Server-Log-Files<\/strong><\/h2>\n<p>Der Provider der Seiten erhebt und speichert automatisch Informationen in so genannten Server-Log Files, die Ihr Browser automatisch an uns \u00fcbermittelt. Dies sind:<\/p>\n<ul>\n<li>\n<ul>\n<li>Browsertyp\/ Browserversion<\/li>\n<li>verwendetes Betriebssystem<\/li>\n<li>Referrer URL<\/li>\n<\/ul>\n<\/li>\n<\/ul>\n<ul>\n<li>Hostname des zugreifenden Rechners<\/li>\n<li>Uhrzeit der Serveranfrage<\/li>\n<\/ul>\n<p>Diese Daten sind nicht bestimmten Personen zuordenbar. Eine Zusammenf\u00fchrung dieser Daten mit anderen Datenquellen wird nicht vorgenommen. Wir behalten uns vor, diese Daten nachtr\u00e4glich zu pr\u00fcfen, wenn uns konkrete Anhaltspunkte f\u00fcr eine rechtswidrige Nutzung bekannt werden.<\/p>\n<ul>\n<li><\/li>\n<\/ul>\n<h2 class=\"western\">Auskunft<\/h2>\n<p>Sie haben jederzeit das Recht auf unentgeltliche Auskunft \u00fcber Ihre gespeicherten Daten sowie das Recht auf Berichtigung, L\u00f6schung bzw. Sperrung. Wenden Sie sich hierzu bitte an die im Impressum angegebene Kontaktadresse. Wir stehen Ihnen jederzeit gern f\u00fcr weitergehende Fragen zu unseren Hinweisen zum Datenschutz und zur Verarbeitung Ihrer pers\u00f6nlichen Daten zur Verf\u00fcgung.<\/p>\n<ul>\n<li><\/li>\n<\/ul>\n<p style=\"text-align: right;\" align=\"right\"><span style=\"font-size: 10pt;\">Quellen: <\/span><br \/>\n<span style=\"font-size: 10pt;\"><a href=\"https:\/\/rechtsanwalt-metzler.de\/\" target=\"_blank\" rel=\"noopener\">Rechtsanwalt Metzler<\/a><\/span><\/p>\n<p style=\"text-align: right;\" align=\"right\"><a href=\"https:\/\/newthinking.de\" target=\"_blank\" rel=\"noopener\"><span style=\"font-size: 10pt;\">newthinking communications GmbH<\/span><\/a><\/p>\n<\/div>\n","protected":false},"excerpt":{"rendered":"<p>Datenschutzerkl\u00e4rung Verantwortliche Stelle Verantwortliche Stelle f\u00fcr die Erhebung, Verarbeitung und Nutzung Ihrer personenbezogenen Daten im Sinne des Bundesdatenschutzgesetzes (BDSG) ist Initiative &#8218;Meer Menschlichkeit&#8216; c\/o Alexander Westermann Im Gartenhof 7 26316 Varel Sofern Sie der Erhebung, Verarbeitung oder Nutzung Ihrer Daten durch die Initiative &#8218;Meer Menschlichkeit&#8216; gem\u00e4\u00df den datenschutzrechtlichen Bestimmungen insgesamt oder f\u00fcr einzelne Ma\u00dfnahmen widersprechen &#8230; <\/p>\n<p class=\"read-more-container\"><a title=\"Datenschutz (DSGVO)\" class=\"read-more button\" href=\"https:\/\/meer-menschlichkeit.stadt-media.de\/?page_id=37#more-37\" aria-label=\"Mehr zu Datenschutz (DSGVO)\">Zum ganzen Artikel<\/a><\/p>\n","protected":false},"author":1,"featured_media":38,"parent":0,"menu_order":0,"comment_status":"closed","ping_status":"closed","template":"","meta":{"generate_page_header":""},"_links":{"self":[{"href":"https:\/\/meer-menschlichkeit.stadt-media.de\/index.php?rest_route=\/wp\/v2\/pages\/37"}],"collection":[{"href":"https:\/\/meer-menschlichkeit.stadt-media.de\/index.php?rest_route=\/wp\/v2\/pages"}],"about":[{"href":"https:\/\/meer-menschlichkeit.stadt-media.de\/index.php?rest_route=\/wp\/v2\/types\/page"}],"author":[{"embeddable":true,"href":"https:\/\/meer-menschlichkeit.stadt-media.de\/index.php?rest_route=\/wp\/v2\/users\/1"}],"replies":[{"embeddable":true,"href":"https:\/\/meer-menschlichkeit.stadt-media.de\/index.php?rest_route=%2Fwp%2Fv2%2Fcomments&post=37"}],"version-history":[{"count":1,"href":"https:\/\/meer-menschlichkeit.stadt-media.de\/index.php?rest_route=\/wp\/v2\/pages\/37\/revisions"}],"predecessor-version":[{"id":39,"href":"https:\/\/meer-menschlichkeit.stadt-media.de\/index.php?rest_route=\/wp\/v2\/pages\/37\/revisions\/39"}],"wp:featuredmedia":[{"embeddable":true,"href":"https:\/\/meer-menschlichkeit.stadt-media.de\/index.php?rest_route=\/wp\/v2\/media\/38"}],"wp:attachment":[{"href":"https:\/\/meer-menschlichkeit.stadt-media.de\/index.php?rest_route=%2Fwp%2Fv2%2Fmedia&parent=37"}],"curies":[{"name":"wp","href":"https:\/\/api.w.org\/{rel}","templated":true}]}}