{"id":350,"date":"2018-09-19T14:54:07","date_gmt":"2018-09-19T12:54:07","guid":{"rendered":"http:\/\/meer-menschlichkeit.stadt-media.de\/?page_id=350"},"modified":"2019-12-07T11:44:45","modified_gmt":"2019-12-07T10:44:45","slug":"unterstuetzerinnen","status":"publish","type":"page","link":"https:\/\/meer-menschlichkeit.stadt-media.de\/?page_id=350","title":{"rendered":"Unterst\u00fctzerInnen"},"content":{"rendered":"<h2>Unterst\u00fctzter*innen der Aktion &#8222;Menschenkette &#8211; MEER MENNSCHLICHKEIT&#8220;<\/h2>\n<p>Bereits zu Beginn erkl\u00e4rten sich einige Organisationen und viele Einzelpersonen bereit die Initiative zu unterst\u00fctzen.\u00a0 Nachfolgend finden Sie die Liste der Unterst\u00fctzer*innen, die mit einer namentlichen Ver\u00f6ffentlichung einverstanden waren.<\/p>\n<p>Sollten Sie sich in der Liste nicht wiederfinden, aber die Initiative namentlich unterst\u00fctzen wollen, senden Sie uns bitte eine <strong><a href=\"mailto:meer-menschlichkeit@stadt-media.de\">Mail<\/a><\/strong>, mit der Erkl\u00e4rung, dass wir Ihren Namen hier auflisten d\u00fcrfen.<\/p>\n<p>Derzeit befinden sich <strong>261<\/strong> Unterst\u00fctzer*innen in der Liste<\/p>\n<h1>A<\/h1>\n<ul>\n<li>Adler, Matthias (Mattes HELLHEAD)<\/li>\n<li>Aids-Hilfe Friesland-Wilhelmshaven-Wittmund e.V.<\/li>\n<li>Albers, Jan Edo (B\u00fcrgermeister, Stadt Jever)<\/li>\n<li>Ali, Amira Mohamed (MdB)<\/li>\n<li>Ambrosy, Sven (Landrat, Kreis Friesland)<\/li>\n<li>Artistic Consulting Wolfgang Poser (Hannover)<\/li>\n<li><span class=\"_5yl5\">Atia, Nadia Natah<br \/>\n<\/span><\/li>\n<li>Autenrieb, Edgar<\/li>\n<li><\/li>\n<\/ul>\n<h1>B<\/h1>\n<ul>\n<li>Baerbock, Annalena (Sprecherin B\u00dcNDNIS90\/DIE GR\u00dcNEN)<\/li>\n<li>Barra, Erika<\/li>\n<li>Basedow, Kai<\/li>\n<li>Bause, Margarete (MdB)<\/li>\n<li>Behrens, Anke<\/li>\n<li>bera Personalservice Coaching, Jever<\/li>\n<li>Berger, Ina<\/li>\n<li>Berghaus, Beate<\/li>\n<li>Behr, Gunda<\/li>\n<li>Berner, Silke<\/li>\n<li>Berner, Ulf<\/li>\n<li>Berner, Wiebke<\/li>\n<li>Berner-Waindok, Georg<\/li>\n<li>Beyersdorff, Gabi<\/li>\n<li>Beyersdorff, Dr. Peter<\/li>\n<li>Biermann, Rolf<\/li>\n<li>Biermann Hildegard<\/li>\n<li>BIZEBAK (B\u00fcrgerinitiative zum Erhalt der Baukultur am Kanalweg, Wilhelmshaven)<\/li>\n<li>B\u00f6ke, Gerd<\/li>\n<li>B\u00f6ke-Rieck, Klara<\/li>\n<li>Brantner, Dr. Franziska (MdB)<\/li>\n<li>Br. Franziskus Aaron (Rogate-Gemeinschaft St. Michael, Berlin)<\/li>\n<li>Braun, Axel<\/li>\n<li>Brun, Tina<\/li>\n<li>BUND (Kreisgruppe Wilhelmshaven)<\/li>\n<li>B\u00dcNDNIS 90 \/ DIE GR\u00dcNEN (Partei)\n<ul>\n<li>LAG Migration &amp; Flucht<\/li>\n<li>Landesverband Niedersachsen<\/li>\n<li>KV Ammerland<\/li>\n<li>KV Friesland<\/li>\n<li>KV Wilhelmshaven<\/li>\n<li>KV Wittmund<\/li>\n<li>Ratsfraktion Jever<\/li>\n<li>Ratsfraktion Norderney<\/li>\n<li>Ratsfraktion Varel<\/li>\n<li>OV Langeoog, Vorstand<\/li>\n<\/ul>\n<\/li>\n<li>Busch, Sigrid<\/li>\n<li>Bussmann, Uschi<\/li>\n<\/ul>\n<h1>C<\/h1>\n<ul>\n<li>Carstens, Gerd<\/li>\n<li>Christianshof der Archehof, Middoge<\/li>\n<li>Clemens, Michael<\/li>\n<li>Cordsen, Henning<\/li>\n<\/ul>\n<h1>D<\/h1>\n<ul>\n<li>Decker, Stefan<\/li>\n<li>Dehm, Dr. Dieter (MdB)<\/li>\n<li>De Jong, Theresia<\/li>\n<li>DenkB\u00fchne, Varel<\/li>\n<li>Der Baumkaiser (G\u00fcnter Culik)<\/li>\n<li>Die Freien Friesen<\/li>\n<li>Die Friesen (Partei)<\/li>\n<li>DIE LINKE (Partei)\n<ul>\n<li>KV Friesland<\/li>\n<li>KV Wilhelmshaven<\/li>\n<li>OV Bad Zwischenahn<\/li>\n<\/ul>\n<\/li>\n<li><\/li>\n<\/ul>\n<h1>E<\/h1>\n<ul>\n<li>EMM-Energie, Messe und Marketing Agentur, Jever<\/li>\n<li>Engel, Annelie<\/li>\n<li>Engel, Lio<\/li>\n<li>Erdmann-Harms, Ute<\/li>\n<li>Esser, Martina<\/li>\n<li>Evangelisch-Lutherische Kirchengemeinde, Varel<\/li>\n<li>Ev.-luth. Kirchengemeinde Langeoog<\/li>\n<li>Ev.-luth. Kirchengemeinde Pakens-Hooksiel<\/li>\n<li>Evangelische Erwachsenenbildung Emsland\/Bentheim<\/li>\n<li>Evenburg, Doris<\/li>\n<\/ul>\n<h1>F<\/h1>\n<ul>\n<li>F\u00e4rber, Angelika<\/li>\n<li>F\u00e4rber, Thorsten<\/li>\n<li>Fiebig, Richard<\/li>\n<li>Findus \u2013 Schortens<\/li>\n<li>Fleitmann, J\u00fcrgen<\/li>\n<li>Frerichs, Holger<\/li>\n<li>Freudenberg, Peter<\/li>\n<\/ul>\n<h1>G<\/h1>\n<ul>\n<li>G\u00e4de, Marten<\/li>\n<li>Gerhards, Sigmar<\/li>\n<li>Giedigkeit, Karin<\/li>\n<li>Giegold, Sven (MdEP)<\/li>\n<li>Gliemann, Benno<\/li>\n<li>Grabhorn -Tobiassen, Anke<\/li>\n<li>Gr\u00fcnefeld, Heide<\/li>\n<li>Gr\u00fcnefeld, Stefan<\/li>\n<li>Gr\u00fcneisen, Linda<\/li>\n<\/ul>\n<h1>H<\/h1>\n<ul>\n<li>Haa\u0159tje-Graalfs, Christina (Montessori Werkstatt Jever)<\/li>\n<li>Habeck, Robert (Sprecher B\u00dcNDNIS90\/DIE GR\u00dcNEN)<\/li>\n<li>Harjes, Olaf<\/li>\n<li>Harjes, Eckhard<\/li>\n<li>Harjes Elektrotechnik, Jever<\/li>\n<li>Harjes, Meret Janne<\/li>\n<li>Harms, Ehler<\/li>\n<li>Heeren, Helmut<\/li>\n<li>Heinisch, Anna<\/li>\n<li>Heinisch, Richard<\/li>\n<li>Heinz, Kai<\/li>\n<li>Hemmen, Johannes<\/li>\n<li>Henning-Seige, Frederike<\/li>\n<li>Hicke, Stefan<\/li>\n<li>Hindriksen, Dr. Arendt<\/li>\n<li>H\u00f6fers, Ina<\/li>\n<li>Hoeft, Karsten<\/li>\n<li>Hofreiter, Anton (MdB)<\/li>\n<li>Holthuizen, Peer<\/li>\n<li>Hopp, Anne<\/li>\n<\/ul>\n<h1>I<\/h1>\n<ul>\n<li>IBIS Interkulturelle Arbeitsstelle e.V. Friesland<\/li>\n<li>IBIS Interkulturelle Arbeitsstelle e.V. Oldenburg<\/li>\n<li>Internistische Hausarztpraxis Dr. Gregor Siemon &amp; Dr. Lisa Giller, Cloppenburg<\/li>\n<\/ul>\n<h1>J<\/h1>\n<ul>\n<li>Jadewind GmbH &amp; Co. KG<\/li>\n<li>J\u00e4ger, Andr\u00e9<\/li>\n<li>Jan\u00dfen, Dirk<\/li>\n<li>Janssen, Johann<\/li>\n<li>Janssen-Kucz, Meta (MdL | Vizepr\u00e4sidentin des Nds. Landtages)<\/li>\n<li>Jan\u00dfen, Ute<\/li>\n<li>Jan\u00dfen, Hanso (Sprecher B\u00dcNDNIS 90\/DIE GR\u00dcNEN Niedersachsen)<\/li>\n<li>Jarmer, J\u00f6rg<\/li>\n<li>Jugendparlament Friesland \/ \u201aTogether\u2018- Kampagne<\/li>\n<li>Jugendvertretung Sande (Jugendzentrum, Sande)<\/li>\n<\/ul>\n<h1>K<\/h1>\n<ul>\n<li>Kannen, G\u00fcnter<\/li>\n<li>Kannen, Dr. Irmtraud<\/li>\n<li>Karth, G\u00fcnther<\/li>\n<li>Kaschlun, Elke<\/li>\n<li>Kaschlun, Karin<\/li>\n<li>Keul, Katja (MdB)<\/li>\n<li>Keppel, Robin<\/li>\n<li>Kilic, Ercan<\/li>\n<li>Klaas, Franz<\/li>\n<li>Kl\u00f6pper, Gudrun<\/li>\n<li>Kloster, Antje<\/li>\n<li>K\u00f6rner, Stefan<\/li>\n<li>Korfe, Beate<\/li>\n<li>Korfe, D\u00f6rthe<\/li>\n<li>Krupp, Sibilla<\/li>\n<li>Kruse, Meike<\/li>\n<li>Kruse-Jan\u00dfen, Anette<\/li>\n<li>K\u00fcck, Anke<\/li>\n<li>K\u00fcgler, Susann<\/li>\n<li>K\u00fcnzel, Thomas<\/li>\n<li>Kunz, Petra Maria<\/li>\n<li>Kura, Anne (Sprecherin B\u00dcNDNIS 90\/DIE GR\u00dcNEN Niedersachsen)<\/li>\n<\/ul>\n<h1>L<\/h1>\n<ul>\n<li>Lampe, Christine<\/li>\n<li>Lampe, Werner<\/li>\n<li>Landig, Volker Henning (Pastor | stellv. Vors. Gr\u00f6schler Haus, Jever)<\/li>\n<li>Langhoff, Ute<\/li>\n<li>Langer, Walter<\/li>\n<li>Langer, Nora<\/li>\n<li>Langhorst, Gerd<\/li>\n<li>Lanks, W.<\/li>\n<li>Lienemann, B\u00e4rbel<\/li>\n<\/ul>\n<h1>M<\/h1>\n<ul>\n<li>Martens, Gabriele<\/li>\n<li>Martin, Klaus-Peter<\/li>\n<li>Martschausky, Nicolette<\/li>\n<li>Mattern-Karth, Regina<\/li>\n<li>Meggers, Jan<\/li>\n<li>Meiners, Birgit<\/li>\n<li>Menschenkinder Verein f\u00fcr Inklusion e.V. (Jever)<\/li>\n<li>Meiwald, Peter<\/li>\n<li>Minkner, Klaus<\/li>\n<li>M\u00f6ller, Siemtje (MdB)<\/li>\n<li>M\u00f6ller, Stephan<\/li>\n<li>M\u00f6llhoff, Sabine<\/li>\n<li>Morgenstern, Frank (Pastor Christus- und Garnisonkirche, Wilhelmshaven)<\/li>\n<li>Moritz, Hildegard<\/li>\n<li>Moritz, Britta<\/li>\n<li>M\u00fchlena, Bj\u00f6rn (B\u00fcrgermeister, Wangerland)<\/li>\n<li>M\u00fcller-Schr\u00f6er, Bernadette<\/li>\n<\/ul>\n<h1>N<\/h1>\n<ul>\n<li>Neue Botschaft Sued e.V., Wilhelmshaven<\/li>\n<li>Neumann, Christian<\/li>\n<li>Niemann, Wolfgang A.<\/li>\n<li>Niemeier, Frank<\/li>\n<li>Nyari, Wilma<\/li>\n<\/ul>\n<h1>O<\/h1>\n<ul>\n<li>Oldenburger Energiekontor (Inh. Hartmut Beckmann)<\/li>\n<li>Oltmanns, Karl<\/li>\n<li>Oltmanns, Melanie<\/li>\n<li>Oltmanns, Andrea<\/li>\n<li>\u00d6zge, Elisabeth<\/li>\n<\/ul>\n<h1>P<\/h1>\n<ul>\n<li>Pancescu, Dragos (MdL)<\/li>\n<li>Pelolsseos, B.<\/li>\n<li>Peters, Hartmut<\/li>\n<li>Piel, Anja (MdL)<\/li>\n<li>Pirsich, Dr. Volker<\/li>\n<li>Polat, Filiz (MdB)<\/li>\n<li>Pohlmann, Birgit<\/li>\n<li>Praxis f\u00fcr Ergotherapie und Lerntherapie, Varel<\/li>\n<li>Prielipp, Volker<\/li>\n<li>Pro Asyl<\/li>\n<li>profero medienagentur &amp; verlag, Varel<\/li>\n<\/ul>\n<h1>Q<\/h1>\n<ul>\n<li>QUEERstr\u00f6mung<\/li>\n<\/ul>\n<h1>R<\/h1>\n<ul>\n<li>Reesing, Marga<\/li>\n<li>Reesing, Sofie<\/li>\n<li>Reesing, Susanne<\/li>\n<li>Rochner, Sabine<\/li>\n<li>Rohrbeck, Michael<\/li>\n<li>Roth, Claudia (MdB, Vizepr\u00e4sidentin des Deutschen Bundestag)<\/li>\n<\/ul>\n<h1>S<\/h1>\n<ul>\n<li>S\u00e4nger, Heidi<\/li>\n<li>Sanchez Mengeler, Anja<\/li>\n<li>Sanchez Mengeler, Pancho<\/li>\n<li>Schaar, Miguel-Pascal<\/li>\n<li>Schemm, Andr\u00e9<\/li>\n<li>Schepers-Kaschlun, Franz<\/li>\n<li>Schindler, Axel<\/li>\n<li>Schmidt, Waltraud<\/li>\n<li>Schneidewind, Marlies<\/li>\n<li>Schuster, Martin<\/li>\n<li>Sedelmeyer, Sylvia<\/li>\n<li>Seidel, Dieter<\/li>\n<li>Solidarit\u00e4t International (Ortsgruppe Varel)<\/li>\n<li>Spanjer, J\u00f6rg<\/li>\n<li>SPD (Partei)\n<ul>\n<li>JUSOS Wilhelmshaven<\/li>\n<li>Ortsverein Cleverns\/Moorwarfen<\/li>\n<li>Ortsverein Jever<\/li>\n<li>Ortsverein Schortens<\/li>\n<li>Ratsfraktion im Stadtrat Wilhelmshaven<\/li>\n<li>Ratsfraktion im Stadtrat Jever<\/li>\n<li>Stadtverband Jever<\/li>\n<\/ul>\n<\/li>\n<li>Stadtrat Varel-Ratsgruppe \u201aG6\u2018<\/li>\n<li>Stehle, Doris<\/li>\n<li>St\u00fcckemann, Christiane<\/li>\n<li>St\u00fcckemann, Andreas<\/li>\n<\/ul>\n<h1>T<\/h1>\n<ul>\n<li>TABULA MAGICA, Varel<\/li>\n<li>Tammen-Henke, Hartmut<\/li>\n<li>Teepalast (Wilhelmshaven | Oldenburg)<\/li>\n<li>Thieme, Lars<\/li>\n<li>Thieme, Mia<\/li>\n<li>Tholen, Gerold<\/li>\n<li>Thom\u00dfen, Almuth<\/li>\n<li>Thum, Kevin<\/li>\n<li>Tiesfeld, Dieter<\/li>\n<li>Tiemann, Uwe<\/li>\n<li>T\u00f6njes, Andreas<\/li>\n<li>Trapp, Anne<\/li>\n<li>Trute, Peter<\/li>\n<li>Tsiper, H.<\/li>\n<li>Tunze, Franziska<\/li>\n<\/ul>\n<h1>U<\/h1>\n<ul>\n<li>Ulmke, Lars<\/li>\n<li>Usbeck, Stefanie<\/li>\n<\/ul>\n<h1>V<\/h1>\n<ul>\n<li>V-Partei<sup>3 <\/sup>(Partei)<\/li>\n<li>Varnsk\u00fchler, Arne<\/li>\n<li>Verlinden, Dr. Julia (MdB)<\/li>\n<li>von den Berg, Michael<\/li>\n<li>von Fintel, Alexander<\/li>\n<li>Voss, Michael<\/li>\n<li>Vo\u00df, Waltraud<\/li>\n<\/ul>\n<h1>W<\/h1>\n<ul>\n<li>W\u00e4chter, J\u00f6rg<\/li>\n<li>Wackwitz, J\u00fcrgen (Wattf\u00fchrer, Nationalpark Wattenmeer)<\/li>\n<li>Wagner, Gerd Christian (B\u00fcrgermeister, Stadt Varel)<\/li>\n<li>Walpurgis, Frank Uwe<\/li>\n<li>Wehlage, Stefan<\/li>\n<li>Wenzel, Thomas<\/li>\n<li>Wesselmann, Fabian<\/li>\n<li>Westerkamp, Norda<\/li>\n<li>Westermann, Alexander<\/li>\n<li>Wierich-Lux, Margret<\/li>\n<li>Wiese, Florian<\/li>\n<li>Wiesner, Jannes<\/li>\n<li>Wilbers, Andrea<\/li>\n<li>Wilken-Johannes, Herbert<\/li>\n<li>Wilken-Johannes, Uschi<\/li>\n<li>Wolff, Stephanie<\/li>\n<\/ul>\n<h1>X<\/h1>\n<ul>\n<li><\/li>\n<\/ul>\n<h1>Y<\/h1>\n<ul>\n<li><\/li>\n<\/ul>\n<h1>Z<\/h1>\n<ul>\n<li>Zielke, Franziska<\/li>\n<li>Zielke, Gustav<\/li>\n<li>Zielke, Konstantin<\/li>\n<li>Zwoch, Imke<\/li>\n<\/ul>\n","protected":false},"excerpt":{"rendered":"<p>Unterst\u00fctzter*innen der Aktion &#8222;Menschenkette &#8211; MEER MENNSCHLICHKEIT&#8220; Bereits zu Beginn erkl\u00e4rten sich einige Organisationen und viele Einzelpersonen bereit die Initiative zu unterst\u00fctzen.\u00a0 Nachfolgend finden Sie die Liste der Unterst\u00fctzer*innen, die mit einer namentlichen Ver\u00f6ffentlichung einverstanden waren. Sollten Sie sich in der Liste nicht wiederfinden, aber die Initiative namentlich unterst\u00fctzen wollen, senden Sie uns bitte eine &#8230; <\/p>\n<p class=\"read-more-container\"><a title=\"Unterst\u00fctzerInnen\" class=\"read-more button\" href=\"https:\/\/meer-menschlichkeit.stadt-media.de\/?page_id=350#more-350\" aria-label=\"Mehr zu Unterst\u00fctzerInnen\">Zum ganzen Artikel<\/a><\/p>\n","protected":false},"author":1,"featured_media":0,"parent":0,"menu_order":0,"comment_status":"closed","ping_status":"closed","template":"","meta":{"generate_page_header":""},"_links":{"self":[{"href":"https:\/\/meer-menschlichkeit.stadt-media.de\/index.php?rest_route=\/wp\/v2\/pages\/350"}],"collection":[{"href":"https:\/\/meer-menschlichkeit.stadt-media.de\/index.php?rest_route=\/wp\/v2\/pages"}],"about":[{"href":"https:\/\/meer-menschlichkeit.stadt-media.de\/index.php?rest_route=\/wp\/v2\/types\/page"}],"author":[{"embeddable":true,"href":"https:\/\/meer-menschlichkeit.stadt-media.de\/index.php?rest_route=\/wp\/v2\/users\/1"}],"replies":[{"embeddable":true,"href":"https:\/\/meer-menschlichkeit.stadt-media.de\/index.php?rest_route=%2Fwp%2Fv2%2Fcomments&post=350"}],"version-history":[{"count":4,"href":"https:\/\/meer-menschlichkeit.stadt-media.de\/index.php?rest_route=\/wp\/v2\/pages\/350\/revisions"}],"predecessor-version":[{"id":443,"href":"https:\/\/meer-menschlichkeit.stadt-media.de\/index.php?rest_route=\/wp\/v2\/pages\/350\/revisions\/443"}],"wp:attachment":[{"href":"https:\/\/meer-menschlichkeit.stadt-media.de\/index.php?rest_route=%2Fwp%2Fv2%2Fmedia&parent=350"}],"curies":[{"name":"wp","href":"https:\/\/api.w.org\/{rel}","templated":true}]}}